{"id":22,"date":"2017-03-23T11:13:10","date_gmt":"2017-03-23T11:13:10","guid":{"rendered":"https:\/\/themify.me\/demo\/themes\/ultra-accountant\/?page_id=6376"},"modified":"2020-11-03T03:28:28","modified_gmt":"2020-11-03T03:28:28","slug":"acerca-de-asa","status":"publish","type":"page","link":"https:\/\/www.the5wisdoms.com\/es\/acerca-de-asa\/","title":{"rendered":"ACERCA DE ASA"},"content":{"rendered":"<div data-elementor-type=\"wp-page\" data-elementor-id=\"22\" class=\"elementor elementor-22\" data-elementor-post-type=\"page\">\n\t\t\t\t\t\t<section class=\"elementor-section elementor-top-section elementor-element elementor-element-370ab5f elementor-section-full_width elementor-section-height-min-height elementor-section-stretched elementor-section-height-default elementor-section-items-middle\" data-id=\"370ab5f\" data-element_type=\"section\" data-e-type=\"section\" data-settings=\"{&quot;background_background&quot;:&quot;classic&quot;,&quot;shape_divider_bottom&quot;:&quot;waves&quot;,&quot;stretch_section&quot;:&quot;section-stretched&quot;}\">\n\t\t\t\t\t\t\t<div class=\"elementor-background-overlay\"><\/div>\n\t\t\t\t\t\t<div class=\"elementor-shape elementor-shape-bottom\" aria-hidden=\"true\" data-negative=\"false\">\n\t\t\t<svg xmlns=\"http:\/\/www.w3.org\/2000\/svg\" viewbox=\"0 0 1000 100\" preserveaspectratio=\"none\">\n\t<path class=\"elementor-shape-fill\" d=\"M421.9,6.5c22.6-2.5,51.5,0.4,75.5,5.3c23.6,4.9,70.9,23.5,100.5,35.7c75.8,32.2,133.7,44.5,192.6,49.7\tc23.6,2.1,48.7,3.5,103.4-2.5c54.7-6,106.2-25.6,106.2-25.6V0H0v30.3c0,0,72,32.6,158.4,30.5c39.2-0.7,92.8-6.7,134-22.4\tc21.2-8.1,52.2-18.2,79.7-24.2C399.3,7.9,411.6,7.5,421.9,6.5z\"\/>\n<\/svg>\t\t<\/div>\n\t\t\t\t\t<div class=\"elementor-container elementor-column-gap-no\">\n\t\t\t\t\t<div class=\"elementor-column elementor-col-50 elementor-top-column elementor-element elementor-element-97f5bb6\" data-id=\"97f5bb6\" data-element_type=\"column\" data-e-type=\"column\">\n\t\t\t<div class=\"elementor-widget-wrap elementor-element-populated\">\n\t\t\t\t\t\t\t<\/div>\n\t\t<\/div>\n\t\t\t\t<div class=\"elementor-column elementor-col-50 elementor-top-column elementor-element elementor-element-e324048\" data-id=\"e324048\" data-element_type=\"column\" data-e-type=\"column\">\n\t\t\t<div class=\"elementor-widget-wrap elementor-element-populated\">\n\t\t\t\t\t\t<div class=\"elementor-element elementor-element-e3f4739 elementor-widget elementor-widget-text-editor\" data-id=\"e3f4739\" data-element_type=\"widget\" data-e-type=\"widget\" data-widget_type=\"text-editor.default\">\n\t\t\t\t<div class=\"elementor-widget-container\">\n\t\t\t\t\t\t\t\t\t<h1><span style=\"color: #ffffff;\"><strong>Dr. Asa Hershoff<\/strong><\/span><\/h1>\t\t\t\t\t\t\t\t<\/div>\n\t\t\t\t<\/div>\n\t\t\t\t\t<\/div>\n\t\t<\/div>\n\t\t\t\t\t<\/div>\n\t\t<\/section>\n\t\t\t\t<section class=\"elementor-section elementor-top-section elementor-element elementor-element-4a7c0fe elementor-section-boxed elementor-section-height-default elementor-section-height-default\" data-id=\"4a7c0fe\" data-element_type=\"section\" data-e-type=\"section\">\n\t\t\t\t\t\t<div class=\"elementor-container elementor-column-gap-default\">\n\t\t\t\t\t<div class=\"elementor-column elementor-col-50 elementor-top-column elementor-element elementor-element-6ce715f\" data-id=\"6ce715f\" data-element_type=\"column\" data-e-type=\"column\">\n\t\t\t<div class=\"elementor-widget-wrap elementor-element-populated\">\n\t\t\t\t\t\t<div class=\"elementor-element elementor-element-8ef7cef elementor-drop-cap-yes elementor-drop-cap-view-default elementor-widget elementor-widget-text-editor\" data-id=\"8ef7cef\" data-element_type=\"widget\" data-e-type=\"widget\" data-settings=\"{&quot;drop_cap&quot;:&quot;yes&quot;}\" data-widget_type=\"text-editor.default\">\n\t\t\t\t<div class=\"elementor-widget-container\">\n\t\t\t\t\t\t\t\t\t<p>Bienvenidos a mi pasi\u00f3n, mi obsesi\u00f3n, mi camino de verdad y plenitud. He emprendido un viaje de toda la vida para \u201cdescifrar el c\u00f3digo\u201d de la naturaleza humana en el nivel m\u00e1s profundo, buscando comprender qu\u00e9 es lo que provoca tics en las personas, qu\u00e9 va mal y c\u00f3mo corregirlo. Durante esta b\u00fasqueda de cuarenta a\u00f1os sirviendo a otros como m\u00e9dico hol\u00edstico y d\u00e9cadas de viajar por el mundo, recogiendo secretos de las grandes tradiciones espirituales del mundo con varios maestros y maestros. El conocimiento del idioma tibetano me permiti\u00f3 profundizar en los textos antiguos, y completar un retiro de meditaci\u00f3n de 3 a\u00f1os y 3 meses me brind\u00f3 conocimientos sobre la naturaleza de la humanidad que no podr\u00eda haber anticipado.<\/p>\n<p>A trav\u00e9s de estos entrenamientos, experiencias de vida y el laboratorio de ense\u00f1anza y curaci\u00f3n a lo largo de d\u00e9cadas, las piezas encajaron y el verdadero modelo de nuestra mente y coraz\u00f3n humanos se volvi\u00f3 abundantemente claro. Al refinar y verificar estas apasionantes ideas a lo largo de los \u00faltimos quince a\u00f1os, qued\u00f3 claro que el C\u00f3digo Humano y las Cinco Formas de Poder podr\u00edan ofrecer una soluci\u00f3n real a la confusi\u00f3n y el sufrimiento generalizados que ahora consumen la vida de tantas personas. Mi \u00fanico prop\u00f3sito es compartir estos conocimientos y m\u00e9todos que realmente ayudar\u00e1n a otros a sanar, transformarse y ser su yo \u00f3ptimo en esta vida dif\u00edcil y donde abundan caminos falsos, ense\u00f1anzas equivocadas y callejones sin salida.<\/p>\n<p>\u00a0<\/p>\t\t\t\t\t\t\t\t<\/div>\n\t\t\t\t<\/div>\n\t\t\t\t\t<\/div>\n\t\t<\/div>\n\t\t\t\t<div class=\"elementor-column elementor-col-50 elementor-top-column elementor-element elementor-element-7e67ceb\" data-id=\"7e67ceb\" data-element_type=\"column\" data-e-type=\"column\">\n\t\t\t<div class=\"elementor-widget-wrap elementor-element-populated\">\n\t\t\t\t\t\t<div class=\"elementor-element elementor-element-27ef510 elementor-widget elementor-widget-image\" data-id=\"27ef510\" data-element_type=\"widget\" data-e-type=\"widget\" data-widget_type=\"image.default\">\n\t\t\t\t<div class=\"elementor-widget-container\">\n\t\t\t\t\t\t\t\t\t\t\t\t\t\t\t<img fetchpriority=\"high\" decoding=\"async\" width=\"1024\" height=\"923\" src=\"https:\/\/www.the5wisdoms.com\/wp-content\/uploads\/2020\/10\/AsaOrangeBlobWebcolor-1024x923.png\" class=\"attachment-large size-large wp-image-6351\" alt=\"\" srcset=\"https:\/\/www.the5wisdoms.com\/wp-content\/uploads\/2020\/10\/AsaOrangeBlobWebcolor-1024x923.png 1024w, https:\/\/www.the5wisdoms.com\/wp-content\/uploads\/2020\/10\/AsaOrangeBlobWebcolor-300x270.png 300w, https:\/\/www.the5wisdoms.com\/wp-content\/uploads\/2020\/10\/AsaOrangeBlobWebcolor-1536x1384.png 1536w, https:\/\/www.the5wisdoms.com\/wp-content\/uploads\/2020\/10\/AsaOrangeBlobWebcolor-2048x1845.png 2048w\" sizes=\"(max-width: 1024px) 100vw, 1024px\" \/>\t\t\t\t\t\t\t\t\t\t\t\t\t\t\t<\/div>\n\t\t\t\t<\/div>\n\t\t\t\t\t<\/div>\n\t\t<\/div>\n\t\t\t\t\t<\/div>\n\t\t<\/section>\n\t\t\t\t<section class=\"elementor-section elementor-top-section elementor-element elementor-element-18ae2155 elementor-section-boxed elementor-section-height-default elementor-section-height-default\" data-id=\"18ae2155\" data-element_type=\"section\" data-e-type=\"section\">\n\t\t\t\t\t\t<div class=\"elementor-container elementor-column-gap-default\">\n\t\t\t\t\t<div class=\"elementor-column elementor-col-100 elementor-top-column elementor-element elementor-element-363afc66\" data-id=\"363afc66\" data-element_type=\"column\" data-e-type=\"column\">\n\t\t\t<div class=\"elementor-widget-wrap elementor-element-populated\">\n\t\t\t\t\t\t<div class=\"elementor-element elementor-element-38c655aa elementor-drop-cap-yes elementor-drop-cap-view-default elementor-widget elementor-widget-text-editor\" data-id=\"38c655aa\" data-element_type=\"widget\" data-e-type=\"widget\" data-settings=\"{&quot;drop_cap&quot;:&quot;yes&quot;}\" data-widget_type=\"text-editor.default\">\n\t\t\t\t<div class=\"elementor-widget-container\">\n\t\t\t\t\t\t\t\t\t<p>Al conocer a muchos grandes maestros budistas y occidentales, he tenido la suerte de desenterrar los mayores secretos de la psicolog\u00eda humana, atravesando las monta\u00f1as de desinformaci\u00f3n y medias verdades ciegas que obstruyen nuestro camino. En particular, los 5 Elementos han sido un principio rector. La idea de la Mente P\u00e9ntada es una de las m\u00e1s antiguas de la historia de la humanidad, ya que se remonta a los primeros registros escritos hace unos 5.000 a\u00f1os y se convirti\u00f3 en el centro de la medicina y la psicolog\u00eda europeas durante dos mil a\u00f1os. A trav\u00e9s de la traducci\u00f3n de textos tibetanos antiguos y su integraci\u00f3n con la fisiolog\u00eda, psicolog\u00eda, neurociencia, f\u00edsica y conocimientos elementales modernos dispersos a lo largo del tiempo y la cultura, ahora son accesibles para una audiencia moderna.<\/p>\n<p>Me dedico a llevar estas verdades antiguas a una audiencia moderna, con una perspectiva occidental fresca y din\u00e1mica. \u00c9stas son herramientas pr\u00e1cticas, una esperanza real en un mar de falsas promesas y un verdadero camino hacia la libertad humana y el poder interior.<!--\/themify_builder_static--><\/p>\n<p>\u00a0<\/p>\n<!-- \/wp:fl-builder\/layout -->\t\t\t\t\t\t\t\t<\/div>\n\t\t\t\t<\/div>\n\t\t\t\t\t<\/div>\n\t\t<\/div>\n\t\t\t\t\t<\/div>\n\t\t<\/section>\n\t\t\t\t<\/div>","protected":false},"excerpt":{"rendered":"<p>Dr Asa Hershoff Welcome to my passion, my obsession, my path of truth and wholeness. I have been on a lifelong journey to \u201ccrack the code\u201d on human nature at the deepest level, seeking to understand what makes people tic, what goes wrong and how to make it right. During this forty year quest serving [&hellip;]<\/p>\n","protected":false},"author":2,"featured_media":0,"parent":0,"menu_order":0,"comment_status":"closed","ping_status":"closed","template":"page-builder.php","meta":{"_genesis_hide_title":false,"_genesis_hide_breadcrumbs":false,"_genesis_hide_singular_image":false,"_genesis_hide_footer_widgets":false,"_genesis_custom_body_class":"","_genesis_custom_post_class":"","_genesis_layout":"full-width-content","footnotes":""},"class_list":{"0":"post-22","1":"page","2":"type-page","3":"status-publish","5":"entry","6":"has-post-thumbnail","7":"override"},"_links":{"self":[{"href":"https:\/\/www.the5wisdoms.com\/es\/wp-json\/wp\/v2\/pages\/22","targetHints":{"allow":["GET"]}}],"collection":[{"href":"https:\/\/www.the5wisdoms.com\/es\/wp-json\/wp\/v2\/pages"}],"about":[{"href":"https:\/\/www.the5wisdoms.com\/es\/wp-json\/wp\/v2\/types\/page"}],"author":[{"embeddable":true,"href":"https:\/\/www.the5wisdoms.com\/es\/wp-json\/wp\/v2\/users\/2"}],"replies":[{"embeddable":true,"href":"https:\/\/www.the5wisdoms.com\/es\/wp-json\/wp\/v2\/comments?post=22"}],"version-history":[{"count":5,"href":"https:\/\/www.the5wisdoms.com\/es\/wp-json\/wp\/v2\/pages\/22\/revisions"}],"predecessor-version":[{"id":6379,"href":"https:\/\/www.the5wisdoms.com\/es\/wp-json\/wp\/v2\/pages\/22\/revisions\/6379"}],"wp:attachment":[{"href":"https:\/\/www.the5wisdoms.com\/es\/wp-json\/wp\/v2\/media?parent=22"}],"curies":[{"name":"wp","href":"https:\/\/api.w.org\/{rel}","templated":true}]}}